{"id":32,"date":"2019-01-26T20:18:09","date_gmt":"2019-01-26T19:18:09","guid":{"rendered":"http:\/\/rangermieux.be\/?page_id=32"},"modified":"2020-11-05T16:12:03","modified_gmt":"2020-11-05T15:12:03","slug":"en-premier","status":"publish","type":"page","link":"https:\/\/rangermieux.be\/index.php\/en-premier\/","title":{"rendered":"En premier"},"content":{"rendered":"<p><b>Tout d\u2019abord, ranger et organiser am\u00e8nent des b\u00e9n\u00e9fices \u00e0 tout \u00e2ge!<\/b><\/p>\n<p>Quand on range et organise, on obtient trois grands b\u00e9n\u00e9fices :<\/p>\n<ol>\n<li><b>b\u00e9n\u00e9fice psychologique<\/b> : on diminue le volume d\u2019objets inutiles et on se sent mieux<span class=\"Apple-converted-space\">\u00a0<\/span><\/li>\n<li><b>b\u00e9n\u00e9fice \u00e9conomique<\/b> : on \u00e9vite de racheter encore et encore ce qu\u2019on avait oubli\u00e9 que l\u2019on poss\u00e9dait ou \u00e9gar\u00e9 entre temps.<\/li>\n<li><b>b\u00e9n\u00e9fice \u201cgain de temps\u201d<\/b> : on retrouve tout, tout de suite<span class=\"Apple-converted-space\">\u00a0<\/span><\/li>\n<\/ol>\n<p><b>Ranger quand vous \u00eates en pleine forme<\/b><\/p>\n<p>Du japonais \u201c\u751f\u524d\u6574\u7406 se\u00efzen se\u00efri\u201d, qui est une fa\u00e7on de penser qu\u2019il est pr\u00e9f\u00e9rable de ranger ses affaires quand on est encore en bonne sant\u00e9 et en pleine forme plut\u00f4t que de laisser la t\u00e2che \u00e0 ses enfants ou ses proches.<\/p>\n<p>Quand on fait \u201cse\u00efzen se\u00efri\u201d \u2026<\/p>\n<ul>\n<li>on cr\u00e9e un environnement s\u00e9curisant o\u00f9 on peut vivre sainement<\/li>\n<li>on diminue les frais, les tracas et le temps de travail des proches restants<\/li>\n<li>on d\u00e9cide soi-m\u00eame des b\u00e9n\u00e9ficiaires de ses affaires<\/li>\n<\/ul>\n<p>En tant que conseil en rangement, j\u2019esp\u00e8re avoir l\u2019opportunit\u00e9 de vous aider \u00e0 am\u00e9liorer votre cadre de vie.<\/p>\n<p>Vous trouverez ici les <a href=\"http:\/\/rangermieux.be\/index.php\/informations-importantes\/\">informations d\u00e9taill\u00e9es<\/a> sur mes services<\/p>\n<p>Cordialement,<\/p>\n<p>Conseil en rangement<\/p>\n","protected":false},"excerpt":{"rendered":"<p>Tout d\u2019abord, ranger et organiser am\u00e8nent des b\u00e9n\u00e9fices \u00e0 tout \u00e2ge! Quand on range et organise, on obtient trois grands b\u00e9n\u00e9fices : b\u00e9n\u00e9fice psychologique : on diminue le volume d\u2019objets inutiles et on se sent mieux\u00a0 b\u00e9n\u00e9fice \u00e9conomique : on \u00e9vite de racheter encore et encore ce qu\u2019on avait oubli\u00e9 que l\u2019on poss\u00e9dait ou \u00e9gar\u00e9 &hellip; <\/p>\n<p class=\"link-more\"><a href=\"https:\/\/rangermieux.be\/index.php\/en-premier\/\" class=\"more-link\">Continuer la lecture<span class=\"screen-reader-text\"> de &laquo;&nbsp;En premier&nbsp;&raquo;<\/span><\/a><\/p>\n","protected":false},"author":1,"featured_media":0,"parent":0,"menu_order":0,"comment_status":"closed","ping_status":"closed","template":"","meta":[],"_links":{"self":[{"href":"https:\/\/rangermieux.be\/index.php\/wp-json\/wp\/v2\/pages\/32"}],"collection":[{"href":"https:\/\/rangermieux.be\/index.php\/wp-json\/wp\/v2\/pages"}],"about":[{"href":"https:\/\/rangermieux.be\/index.php\/wp-json\/wp\/v2\/types\/page"}],"author":[{"embeddable":true,"href":"https:\/\/rangermieux.be\/index.php\/wp-json\/wp\/v2\/users\/1"}],"replies":[{"embeddable":true,"href":"https:\/\/rangermieux.be\/index.php\/wp-json\/wp\/v2\/comments?post=32"}],"version-history":[{"count":5,"href":"https:\/\/rangermieux.be\/index.php\/wp-json\/wp\/v2\/pages\/32\/revisions"}],"predecessor-version":[{"id":77,"href":"https:\/\/rangermieux.be\/index.php\/wp-json\/wp\/v2\/pages\/32\/revisions\/77"}],"wp:attachment":[{"href":"https:\/\/rangermieux.be\/index.php\/wp-json\/wp\/v2\/media?parent=32"}],"curies":[{"name":"wp","href":"https:\/\/api.w.org\/{rel}","templated":true}]}}