{"id":44,"date":"2019-01-26T20:35:34","date_gmt":"2019-01-26T19:35:34","guid":{"rendered":"http:\/\/rangermieux.be\/?page_id=44"},"modified":"2019-09-29T20:46:08","modified_gmt":"2019-09-29T18:46:08","slug":"informations-importantes","status":"publish","type":"page","link":"https:\/\/rangermieux.be\/index.php\/informations-importantes\/","title":{"rendered":"Informations importantes"},"content":{"rendered":"<p>Afin de garantir une exp\u00e9rience fructueuse, je vous demande de lire attentivement les informations suivantes et de les accepter.<\/p>\n<p><b>Audience<\/b><\/p>\n<p>Je sers la client\u00e8le f\u00e9minine exclusivement.<\/p>\n<p><b>Tarifs<\/b><\/p>\n<ul>\n<li>premi\u00e8re visite (pr\u00e9voir environ 3 heures): 150\u20ac<\/li>\n<li>l\u2019heure de travail: 60\u20ac\/h (10\u20ac\/10 min)<\/li>\n<li>Suppl\u00e9ment par visite pour les clients habitant \u00e0 environ 1 heure d\u2019Oupeye: 25\u20ac<\/li>\n<li>Les frais de parking payant vous seront factur\u00e9s (en l\u2019absence d\u2019alternative gratuite)<\/li>\n<\/ul>\n<p><b>Horaires<\/b><\/p>\n<p>\u00c0 discuter.<\/p>\n<p><b>Paiement<\/b><\/p>\n<p>Le paiement est d\u00fb d\u00e8s r\u00e9ception de la facture.<span class=\"Apple-converted-space\">\u00a0<\/span><\/p>\n<p>Nous acceptons le paiement en liquide ou via virement \u00e9lectronique.<\/p>\n<p>En cas de paiement en liquide, nous vous prions de vous munir de la somme exacte dans la mesure du possible.<\/p>\n<p>En cas de virement, merci de l\u2019effectuer end\u00e9ans les cinq jours en mentionnant le num\u00e9ro de facture.<\/p>\n<p><b>Frais d\u2019annulation<\/b><\/p>\n<p>Reporter un rendez-vous pour cause de maladie ou d\u2019accident est possible sans frais. Il se peut \u00e9galement que je doive reporter notre rendez-vous pour les m\u00eames raisons.<\/p>\n<p>En cas d\u2019annulation simple, les frais sont les suivants:<\/p>\n<ul>\n<li>jusqu\u2019\u00e0 3 jours avant : 0\u20ac<\/li>\n<li>deux jours avant, 50%\u00a0du montant de la visite annul\u00e9e,<\/li>\n<li>le jour avant et le jour m\u00eame, 70%\u00a0du montant de la visite annul\u00e9e.<\/li>\n<\/ul>\n<p>Par exemple, si la dur\u00e9e de la visite \u00e9tait de 3 heures, une annulation de jours avant vous co\u00fbtera 90\u20ac. Une annulation le jour avant ou le jour m\u00eame vous co\u00fbtera 126\u20ac<\/p>\n<p><b>\u00e0 propos de l\u2019activit\u00e9 de rangement<\/b><\/p>\n<p>Je suis l\u00e0 pour vous aider \u00e0 ranger et \u00e0 acqu\u00e9rir l\u2019autonomie de le faire seul dans le futur.<\/p>\n<p>D\u00e8s le d\u00e9but, nous travaillerons ensemble et ce jusqu\u2019\u00e0 la fin de la mission.<\/p>\n<p><b>\u00e0 propos des objets de valeur<\/b><\/p>\n<p>Si vous avez des objets de valeur ou des documents importants que vous ne d\u00e9sirez pas que je voie, je vous invite \u00e0 les d\u00e9placer pr\u00e9alablement dans une zone dont nous ne nous occuperons pas.<\/p>\n<p><b>\u00e0 propos des accidents et dommages<\/b><\/p>\n<p>S\u2019il arrivait que je casse ou que j\u2019ab\u00eeme quelque chose chez vous, j\u2019ai souscris une assurance professionnelle couvrant de tels dommages.<\/p>\n<p>Sont exclus les dommages caus\u00e9s aux objets d\u00e9j\u00e0 tellement us\u00e9s ou ab\u00eem\u00e9s qu\u2019ils cassent dans le cas d\u2019un usage normal.<\/p>\n<p>J\u2019attire votre attention sur le fait que bien que couvert par une assurance, certains objets pourraient ne pas \u00eatre remplac\u00e9 ou indemnis\u00e9 \u00e0 hauteur de vos attentes.<span class=\"Apple-converted-space\">\u00a0<\/span><\/p>\n<p>Par exemple:<\/p>\n<ol>\n<li>des peintures, des antiquit\u00e9s, des c\u00e9ramiques anciennes, des livres rares<\/li>\n<li>des poteries anciennes, des fossiles<\/li>\n<li>des objets et des meubles luxueux, des objets et des meubles antiques, des luminaires luxueux<\/li>\n<li>des cadeaux,<span class=\"Apple-converted-space\">\u00a0<\/span><\/li>\n<li>des souvenirs<\/li>\n<\/ol>\n<p><b>\u00e0 propos de l\u2019\u00e9vacuation des d\u00e9chets<\/b><\/p>\n<p>Nous vous laissons le soin de disposer des objets dont vous aurez d\u00e9cid\u00e9 de vous s\u00e9parer.<\/p>\n<p><b>\u00e0 propos du d\u00e9placement \u00e9ventuel des meubles<\/b><\/p>\n<p>Je ne peux assumer le d\u00e9placement d\u2019objets volumineux et\/ou lourd.<\/p>\n<p><b>\u00e0 propos de la s\u00e9curit\u00e9 des enfants et des animaux<\/b><\/p>\n<p>Lors des sessions de travail, je vous demande dans la mesure du possible de limiter l\u2019acc\u00e8s aux enfants et aux animaux afin de garantir la s\u00e9curit\u00e9 de tous.<\/p>\n<p><b>\u00e0 propos de la pause midi<\/b><\/p>\n<p>Dans le cas ou la session de travail chevauche la pause de midi, nous d\u00e9ciderons ensemble de la dur\u00e9e de cette pause. Celle sera d\u2019une demie-heure au minimum. Elle ne sera pas comptabilis\u00e9e dans le temps factur\u00e9.<\/p>\n<p><b>\u00e0 propos des informations personnelles<\/b><\/p>\n<p>Je ne partagerai pas les informations personnelles que vous m\u2019aurez confi\u00e9.<\/p>\n<p>Dans le cadre de la mission, je serai amen\u00e9e \u00e0 prendre des photos \u201cavant\u201d, \u201cpendant\u201d, \u201capr\u00e8s\u201d.<span class=\"Apple-converted-space\">\u00a0<\/span><\/p>\n<p>Ces photos restent votre propri\u00e9t\u00e9 et seront d\u00e9truites \u00e0 la fin de la mission si vous le d\u00e9sirez.<span class=\"Apple-converted-space\">\u00a0<\/span><\/p>\n<p>Dans le cas ou vous m\u2019autorisez \u00e0 les garder comme exemple de mission termin\u00e9e, nous les choisirons ensemble.<\/p>\n<p><b>Autres points<\/b><\/p>\n<p>Dans le cadre de la mission, je serai peut-\u00eatre amen\u00e9e \u00e0 utiliser l\u2019\u00e9lectricit\u00e9, l\u2019eau, votre mat\u00e9riel d\u2019entretien et vos toilettes.<\/p>\n<p>Pour <a href=\"http:\/\/rangermieux.be\/index.php\/formulaire-de-demande\/\">me contacter<\/a>.<\/p>\n","protected":false},"excerpt":{"rendered":"<p>Afin de garantir une exp\u00e9rience fructueuse, je vous demande de lire attentivement les informations suivantes et de les accepter. Audience Je sers la client\u00e8le f\u00e9minine exclusivement. Tarifs premi\u00e8re visite (pr\u00e9voir environ 3 heures): 150\u20ac l\u2019heure de travail: 60\u20ac\/h (10\u20ac\/10 min) Suppl\u00e9ment par visite pour les clients habitant \u00e0 environ 1 heure d\u2019Oupeye: 25\u20ac Les frais &hellip; <\/p>\n<p class=\"link-more\"><a href=\"https:\/\/rangermieux.be\/index.php\/informations-importantes\/\" class=\"more-link\">Continuer la lecture<span class=\"screen-reader-text\"> de &laquo;&nbsp;Informations importantes&nbsp;&raquo;<\/span><\/a><\/p>\n","protected":false},"author":1,"featured_media":0,"parent":0,"menu_order":0,"comment_status":"closed","ping_status":"closed","template":"","meta":[],"_links":{"self":[{"href":"https:\/\/rangermieux.be\/index.php\/wp-json\/wp\/v2\/pages\/44"}],"collection":[{"href":"https:\/\/rangermieux.be\/index.php\/wp-json\/wp\/v2\/pages"}],"about":[{"href":"https:\/\/rangermieux.be\/index.php\/wp-json\/wp\/v2\/types\/page"}],"author":[{"embeddable":true,"href":"https:\/\/rangermieux.be\/index.php\/wp-json\/wp\/v2\/users\/1"}],"replies":[{"embeddable":true,"href":"https:\/\/rangermieux.be\/index.php\/wp-json\/wp\/v2\/comments?post=44"}],"version-history":[{"count":4,"href":"https:\/\/rangermieux.be\/index.php\/wp-json\/wp\/v2\/pages\/44\/revisions"}],"predecessor-version":[{"id":66,"href":"https:\/\/rangermieux.be\/index.php\/wp-json\/wp\/v2\/pages\/44\/revisions\/66"}],"wp:attachment":[{"href":"https:\/\/rangermieux.be\/index.php\/wp-json\/wp\/v2\/media?parent=44"}],"curies":[{"name":"wp","href":"https:\/\/api.w.org\/{rel}","templated":true}]}}