{"id":54,"date":"2019-01-26T20:49:19","date_gmt":"2019-01-26T19:49:19","guid":{"rendered":"http:\/\/rangermieux.be\/?page_id=54"},"modified":"2020-11-05T16:12:32","modified_gmt":"2020-11-05T15:12:32","slug":"formulaire-de-demande","status":"publish","type":"page","link":"https:\/\/rangermieux.be\/index.php\/formulaire-de-demande\/","title":{"rendered":"Formulaire de demande"},"content":{"rendered":"<p>Si vous \u00eates int\u00e9ress\u00e9es ou si vous avez des questions, \u00e9crivez-moi \u00e0 l&rsquo;adresse <a href=\"mailto:conseil@rangermieux.be\">conseil@rangermieux.be<\/a>\u00a0.<\/p>\n<p>Conseil en rangement<\/p>\n","protected":false},"excerpt":{"rendered":"<p>Si vous \u00eates int\u00e9ress\u00e9es ou si vous avez des questions, \u00e9crivez-moi \u00e0 l&rsquo;adresse conseil@rangermieux.be\u00a0. Conseil en rangement<\/p>\n","protected":false},"author":1,"featured_media":0,"parent":0,"menu_order":0,"comment_status":"closed","ping_status":"closed","template":"","meta":[],"_links":{"self":[{"href":"https:\/\/rangermieux.be\/index.php\/wp-json\/wp\/v2\/pages\/54"}],"collection":[{"href":"https:\/\/rangermieux.be\/index.php\/wp-json\/wp\/v2\/pages"}],"about":[{"href":"https:\/\/rangermieux.be\/index.php\/wp-json\/wp\/v2\/types\/page"}],"author":[{"embeddable":true,"href":"https:\/\/rangermieux.be\/index.php\/wp-json\/wp\/v2\/users\/1"}],"replies":[{"embeddable":true,"href":"https:\/\/rangermieux.be\/index.php\/wp-json\/wp\/v2\/comments?post=54"}],"version-history":[{"count":3,"href":"https:\/\/rangermieux.be\/index.php\/wp-json\/wp\/v2\/pages\/54\/revisions"}],"predecessor-version":[{"id":79,"href":"https:\/\/rangermieux.be\/index.php\/wp-json\/wp\/v2\/pages\/54\/revisions\/79"}],"wp:attachment":[{"href":"https:\/\/rangermieux.be\/index.php\/wp-json\/wp\/v2\/media?parent=54"}],"curies":[{"name":"wp","href":"https:\/\/api.w.org\/{rel}","templated":true}]}}